{"id":5976,"date":"2022-01-13T15:29:44","date_gmt":"2022-01-13T14:29:44","guid":{"rendered":"https:\/\/turizamkrusevac.rs\/contact\/o-nama\/"},"modified":"2023-01-22T12:31:11","modified_gmt":"2023-01-22T11:31:11","slug":"about-us","status":"publish","type":"page","link":"https:\/\/turizamkrusevac.rs\/en\/contact\/about-us\/","title":{"rendered":"About Us"},"content":{"rendered":"<p>[vc_row][vc_column][vc_column_text]The tourist organization of the town of Kru\u0161evac has existed since 1995. Before that, this public institution operated under the name of the Tourist Association of the Municipality of Kru\u0161evac. The Tourist Association was founded in 1964 with the aim of helping the development of all forms of tourism.<\/p>\n<p>Today, the tourist organization, as a public service, performs all the activities of promotion and development of tourism. Her work is public, and in the wide scope of her tasks we will list only a few: development of tourism development programs, preparations for the reception and stay of tourists, organizing tourist information and propaganda activities, creating conditions for rest and recreation, organizing guide services, encouraging and developing publishing activities and souvenirs production.<\/p>\n<p>The tourist organization of Kru\u0161evac provides tourists with one-day, two-day and multi-day stay programs in the city and its surroundings, introducing them to the cultural and historical heritage and other tourist potentials of the city. It should be noted that rural tourism is in intensive development, as well as the increasingly popular &#8220;Wine Routes&#8221; which this institution successfully implements.<\/p>\n<p>An indicator of the successful work of the Tourist Organization of the town of Kru\u0161evac are numerous awards and recognitions from fairs in the country and abroad, as well as from events of local and wider character.[\/vc_column_text][\/vc_column][\/vc_row][vc_row el_class=&#8221;listing-citat&#8221;][vc_column]\n<blockquote class=\"eltd-blockquote-shortcode\"  >\n\n\t<p class=\"eltd-blockquote-text\">\n\t\tPromotional activities conducted by the Tourist Organization of the town of Kru\u0161evac have the goal of tourism becoming a leading promoter of city of Kru\u0161evac image as a modern and desirable vacation destination.\t<\/p>\n\n<\/blockquote>[\/vc_column][\/vc_row][vc_row][vc_column][vc_video link=&#8221;https:\/\/www.youtube.com\/watch?v=uTkUEDky3-w&#8221;][\/vc_column][\/vc_row]<\/p>\n","protected":false},"excerpt":{"rendered":"<p>[vc_row][vc_column][vc_column_text]The tourist organization of the town of Kru\u0161evac has existed since 1995. Before that, this public institution operated under the name of the Tourist Association of the Municipality of Kru\u0161evac. The Tourist Association was founded in 1964 with the aim [&hellip;]<\/p>\n","protected":false},"author":1,"featured_media":0,"parent":5975,"menu_order":0,"comment_status":"closed","ping_status":"closed","template":"","meta":[],"yoast_head":"<!-- This site is optimized with the Yoast SEO plugin v18.5.1 - https:\/\/yoast.com\/wordpress\/plugins\/seo\/ -->\n<title>About Us | Turisti\u010dka organizacija grada Kru\u0161evca<\/title>\n<meta name=\"robots\" content=\"index, follow, max-snippet:-1, max-image-preview:large, max-video-preview:-1\" \/>\n<link rel=\"canonical\" href=\"https:\/\/turizamkrusevac.rs\/en\/contact\/about-us\/\" \/>\n<meta property=\"og:locale\" content=\"en_US\" \/>\n<meta property=\"og:type\" content=\"article\" \/>\n<meta property=\"og:title\" content=\"About Us | Turisti\u010dka organizacija grada Kru\u0161evca\" \/>\n<meta property=\"og:description\" content=\"[vc_row][vc_column][vc_column_text]The tourist organization of the town of Kru\u0161evac has existed since 1995. Before that, this public institution operated under the name of the Tourist Association of the Municipality of Kru\u0161evac. The Tourist Association was founded in 1964 with the aim [&hellip;]\" \/>\n<meta property=\"og:url\" content=\"https:\/\/turizamkrusevac.rs\/en\/contact\/about-us\/\" \/>\n<meta property=\"og:site_name\" content=\"Turisti\u010dka organizacija grada Kru\u0161evca\" \/>\n<meta property=\"article:publisher\" content=\"https:\/\/www.facebook.com\/krusevacturizam\" \/>\n<meta property=\"article:modified_time\" content=\"2023-01-22T11:31:11+00:00\" \/>\n<meta property=\"og:image\" content=\"https:\/\/turizamkrusevac.rs\/wp-content\/uploads\/2022\/04\/slider-krusevac.jpg\" \/>\n\t<meta property=\"og:image:width\" content=\"1920\" \/>\n\t<meta property=\"og:image:height\" content=\"1081\" \/>\n\t<meta property=\"og:image:type\" content=\"image\/jpeg\" \/>\n<meta name=\"twitter:card\" content=\"summary_large_image\" \/>\n<script type=\"application\/ld+json\" class=\"yoast-schema-graph\">{\"@context\":\"https:\/\/schema.org\",\"@graph\":[{\"@type\":\"Organization\",\"@id\":\"https:\/\/turizamkrusevac.rs\/#organization\",\"name\":\"Turisti\u010dka organizacija grada Kru\u0161evca\",\"url\":\"https:\/\/turizamkrusevac.rs\/\",\"sameAs\":[\"https:\/\/www.facebook.com\/krusevacturizam\",\"https:\/\/www.instagram.com\/krusevacturizam\/\",\"https:\/\/www.youtube.com\/channel\/UCSIURFsjJnQL8AcKRVDSLKA\"],\"logo\":{\"@type\":\"ImageObject\",\"@id\":\"https:\/\/turizamkrusevac.rs\/#logo\",\"inLanguage\":\"en-US\",\"url\":\"https:\/\/turizamkrusevac.rs\/wp-content\/uploads\/2022\/01\/logo-color-75.png\",\"contentUrl\":\"https:\/\/turizamkrusevac.rs\/wp-content\/uploads\/2022\/01\/logo-color-75.png\",\"width\":164,\"height\":75,\"caption\":\"Turisti\u010dka organizacija grada Kru\u0161evca\"},\"image\":{\"@id\":\"https:\/\/turizamkrusevac.rs\/#logo\"}},{\"@type\":\"WebSite\",\"@id\":\"https:\/\/turizamkrusevac.rs\/#website\",\"url\":\"https:\/\/turizamkrusevac.rs\/\",\"name\":\"Turisti\u010dka organizacija grada Kru\u0161evca\",\"description\":\"\",\"publisher\":{\"@id\":\"https:\/\/turizamkrusevac.rs\/#organization\"},\"potentialAction\":[{\"@type\":\"SearchAction\",\"target\":{\"@type\":\"EntryPoint\",\"urlTemplate\":\"https:\/\/turizamkrusevac.rs\/?s={search_term_string}\"},\"query-input\":\"required name=search_term_string\"}],\"inLanguage\":\"en-US\"},{\"@type\":\"WebPage\",\"@id\":\"https:\/\/turizamkrusevac.rs\/en\/contact\/about-us\/#webpage\",\"url\":\"https:\/\/turizamkrusevac.rs\/en\/contact\/about-us\/\",\"name\":\"About Us | Turisti\u010dka organizacija grada Kru\u0161evca\",\"isPartOf\":{\"@id\":\"https:\/\/turizamkrusevac.rs\/#website\"},\"datePublished\":\"2022-01-13T14:29:44+00:00\",\"dateModified\":\"2023-01-22T11:31:11+00:00\",\"breadcrumb\":{\"@id\":\"https:\/\/turizamkrusevac.rs\/en\/contact\/about-us\/#breadcrumb\"},\"inLanguage\":\"en-US\",\"potentialAction\":[{\"@type\":\"ReadAction\",\"target\":[\"https:\/\/turizamkrusevac.rs\/en\/contact\/about-us\/\"]}]},{\"@type\":\"BreadcrumbList\",\"@id\":\"https:\/\/turizamkrusevac.rs\/en\/contact\/about-us\/#breadcrumb\",\"itemListElement\":[{\"@type\":\"ListItem\",\"position\":1,\"name\":\"Po\u010detna\",\"item\":\"https:\/\/turizamkrusevac.rs\/en\/\"},{\"@type\":\"ListItem\",\"position\":2,\"name\":\"Contact\",\"item\":\"https:\/\/turizamkrusevac.rs\/en\/contact\/\"},{\"@type\":\"ListItem\",\"position\":3,\"name\":\"About Us\"}]}]}<\/script>\n<!-- \/ Yoast SEO plugin. -->","yoast_head_json":{"title":"About Us | Turisti\u010dka organizacija grada Kru\u0161evca","robots":{"index":"index","follow":"follow","max-snippet":"max-snippet:-1","max-image-preview":"max-image-preview:large","max-video-preview":"max-video-preview:-1"},"canonical":"https:\/\/turizamkrusevac.rs\/en\/contact\/about-us\/","og_locale":"en_US","og_type":"article","og_title":"About Us | Turisti\u010dka organizacija grada Kru\u0161evca","og_description":"[vc_row][vc_column][vc_column_text]The tourist organization of the town of Kru\u0161evac has existed since 1995. Before that, this public institution operated under the name of the Tourist Association of the Municipality of Kru\u0161evac. The Tourist Association was founded in 1964 with the aim [&hellip;]","og_url":"https:\/\/turizamkrusevac.rs\/en\/contact\/about-us\/","og_site_name":"Turisti\u010dka organizacija grada Kru\u0161evca","article_publisher":"https:\/\/www.facebook.com\/krusevacturizam","article_modified_time":"2023-01-22T11:31:11+00:00","og_image":[{"width":1920,"height":1081,"url":"https:\/\/turizamkrusevac.rs\/wp-content\/uploads\/2022\/04\/slider-krusevac.jpg","type":"image\/jpeg"}],"twitter_card":"summary_large_image","schema":{"@context":"https:\/\/schema.org","@graph":[{"@type":"Organization","@id":"https:\/\/turizamkrusevac.rs\/#organization","name":"Turisti\u010dka organizacija grada Kru\u0161evca","url":"https:\/\/turizamkrusevac.rs\/","sameAs":["https:\/\/www.facebook.com\/krusevacturizam","https:\/\/www.instagram.com\/krusevacturizam\/","https:\/\/www.youtube.com\/channel\/UCSIURFsjJnQL8AcKRVDSLKA"],"logo":{"@type":"ImageObject","@id":"https:\/\/turizamkrusevac.rs\/#logo","inLanguage":"en-US","url":"https:\/\/turizamkrusevac.rs\/wp-content\/uploads\/2022\/01\/logo-color-75.png","contentUrl":"https:\/\/turizamkrusevac.rs\/wp-content\/uploads\/2022\/01\/logo-color-75.png","width":164,"height":75,"caption":"Turisti\u010dka organizacija grada Kru\u0161evca"},"image":{"@id":"https:\/\/turizamkrusevac.rs\/#logo"}},{"@type":"WebSite","@id":"https:\/\/turizamkrusevac.rs\/#website","url":"https:\/\/turizamkrusevac.rs\/","name":"Turisti\u010dka organizacija grada Kru\u0161evca","description":"","publisher":{"@id":"https:\/\/turizamkrusevac.rs\/#organization"},"potentialAction":[{"@type":"SearchAction","target":{"@type":"EntryPoint","urlTemplate":"https:\/\/turizamkrusevac.rs\/?s={search_term_string}"},"query-input":"required name=search_term_string"}],"inLanguage":"en-US"},{"@type":"WebPage","@id":"https:\/\/turizamkrusevac.rs\/en\/contact\/about-us\/#webpage","url":"https:\/\/turizamkrusevac.rs\/en\/contact\/about-us\/","name":"About Us | Turisti\u010dka organizacija grada Kru\u0161evca","isPartOf":{"@id":"https:\/\/turizamkrusevac.rs\/#website"},"datePublished":"2022-01-13T14:29:44+00:00","dateModified":"2023-01-22T11:31:11+00:00","breadcrumb":{"@id":"https:\/\/turizamkrusevac.rs\/en\/contact\/about-us\/#breadcrumb"},"inLanguage":"en-US","potentialAction":[{"@type":"ReadAction","target":["https:\/\/turizamkrusevac.rs\/en\/contact\/about-us\/"]}]},{"@type":"BreadcrumbList","@id":"https:\/\/turizamkrusevac.rs\/en\/contact\/about-us\/#breadcrumb","itemListElement":[{"@type":"ListItem","position":1,"name":"Po\u010detna","item":"https:\/\/turizamkrusevac.rs\/en\/"},{"@type":"ListItem","position":2,"name":"Contact","item":"https:\/\/turizamkrusevac.rs\/en\/contact\/"},{"@type":"ListItem","position":3,"name":"About Us"}]}]}},"_links":{"self":[{"href":"https:\/\/turizamkrusevac.rs\/en\/wp-json\/wp\/v2\/pages\/5976"}],"collection":[{"href":"https:\/\/turizamkrusevac.rs\/en\/wp-json\/wp\/v2\/pages"}],"about":[{"href":"https:\/\/turizamkrusevac.rs\/en\/wp-json\/wp\/v2\/types\/page"}],"author":[{"embeddable":true,"href":"https:\/\/turizamkrusevac.rs\/en\/wp-json\/wp\/v2\/users\/1"}],"replies":[{"embeddable":true,"href":"https:\/\/turizamkrusevac.rs\/en\/wp-json\/wp\/v2\/comments?post=5976"}],"version-history":[{"count":0,"href":"https:\/\/turizamkrusevac.rs\/en\/wp-json\/wp\/v2\/pages\/5976\/revisions"}],"up":[{"embeddable":true,"href":"https:\/\/turizamkrusevac.rs\/en\/wp-json\/wp\/v2\/pages\/5975"}],"wp:attachment":[{"href":"https:\/\/turizamkrusevac.rs\/en\/wp-json\/wp\/v2\/media?parent=5976"}],"curies":[{"name":"wp","href":"https:\/\/api.w.org\/{rel}","templated":true}]}}